{"id":487,"date":"2023-11-07T03:23:53","date_gmt":"2023-11-07T02:23:53","guid":{"rendered":"https:\/\/ongtalithakoum.org\/?page_id=487"},"modified":"2024-05-12T10:55:18","modified_gmt":"2024-05-12T08:55:18","slug":"biographie","status":"publish","type":"page","link":"https:\/\/ongtalithakoum.org\/?page_id=487","title":{"rendered":"Mon histoire"},"content":{"rendered":"<p>[et_pb_section fb_built=&#8220;1&#8243; admin_label=&#8220;Header&#8220; _builder_version=&#8220;4.23.1&#8243; _module_preset=&#8220;default&#8220; background_color=&#8220;#FFFFFF&#8220; custom_padding=&#8220;180px||180px||false|false&#8220; collapsed=&#8220;on&#8220; global_colors_info=&#8220;{}&#8220;][et_pb_row _builder_version=&#8220;4.23&#8243; _module_preset=&#8220;default&#8220; global_colors_info=&#8220;{}&#8220;][et_pb_column type=&#8220;4_4&#8243; _builder_version=&#8220;4.23&#8243; _module_preset=&#8220;default&#8220; global_colors_info=&#8220;{}&#8220;][et_pb_text _builder_version=&#8220;4.23&#8243; _module_preset=&#8220;default&#8220; text_font_size=&#8220;13px&#8220; header_font=&#8220;Baskervville||||||||&#8220; header_font_size=&#8220;60px&#8220; global_colors_info=&#8220;{}&#8220;]<\/p>\n<h1 style=\"text-align: center;\">MON HISTOIRE<\/h1>\n<p>[\/et_pb_text][\/et_pb_column][\/et_pb_row][et_pb_row column_structure=&#8220;1_2,1_2&#8243; _builder_version=&#8220;4.23&#8243; _module_preset=&#8220;default&#8220; global_colors_info=&#8220;{}&#8220;][et_pb_column type=&#8220;1_2&#8243; _builder_version=&#8220;4.23&#8243; _module_preset=&#8220;default&#8220; global_colors_info=&#8220;{}&#8220;][\/et_pb_column][et_pb_column type=&#8220;1_2&#8243; _builder_version=&#8220;4.23&#8243; _module_preset=&#8220;default&#8220; global_colors_info=&#8220;{}&#8220;][\/et_pb_column][\/et_pb_row][et_pb_row column_structure=&#8220;1_2,1_2&#8243; _builder_version=&#8220;4.23&#8243; _module_preset=&#8220;default&#8220; global_colors_info=&#8220;{}&#8220;][et_pb_column type=&#8220;1_2&#8243; _builder_version=&#8220;4.23&#8243; _module_preset=&#8220;default&#8220; global_colors_info=&#8220;{}&#8220;][et_pb_slider _builder_version=&#8220;4.23&#8243; _module_preset=&#8220;default&#8220; width=&#8220;100%&#8220; max_width=&#8220;100%&#8220; module_alignment=&#8220;left&#8220; content_max_width=&#8220;100%&#8220; min_height=&#8220;508px&#8220; custom_margin=&#8220;||||false|false&#8220; custom_padding=&#8220;||||false|false&#8220; auto=&#8220;on&#8220; auto_speed=&#8220;1500&#8243; global_colors_info=&#8220;{}&#8220;][et_pb_slide _builder_version=&#8220;4.23&#8243; _module_preset=&#8220;default&#8220; background_enable_color=&#8220;off&#8220; background_image=&#8220;https:\/\/ongtalithakoum.org\/wp-content\/uploads\/2023\/11\/WhatsApp-Image-2023-11-07-at-03.06.09.jpeg&#8220; background_enable_image=&#8220;on&#8220; global_colors_info=&#8220;{}&#8220; sticky_transition=&#8220;on&#8220;][\/et_pb_slide][et_pb_slide _builder_version=&#8220;4.23&#8243; _module_preset=&#8220;default&#8220; background_enable_color=&#8220;off&#8220; background_image=&#8220;https:\/\/ongtalithakoum.org\/wp-content\/uploads\/2023\/11\/photo-web-scaled.jpg&#8220; background_enable_image=&#8220;on&#8220; global_colors_info=&#8220;{}&#8220; sticky_transition=&#8220;on&#8220;][\/et_pb_slide][\/et_pb_slider][\/et_pb_column][et_pb_column type=&#8220;1_2&#8243; _builder_version=&#8220;4.23&#8243; _module_preset=&#8220;default&#8220; global_colors_info=&#8220;{}&#8220;][et_pb_text _builder_version=&#8220;4.23&#8243; _module_preset=&#8220;default&#8220; header_font=&#8220;Charm||||||||&#8220; header_font_size=&#8220;47px&#8220; custom_padding=&#8220;64px||0px||false|false&#8220; global_colors_info=&#8220;{}&#8220;]<\/p>\n<h1 style=\"text-align: center;\"><\/h1>\n<p>[\/et_pb_text][et_pb_text _builder_version=&#8220;4.23&#8243; _module_preset=&#8220;default&#8220; header_font=&#8220;Charm||||||||&#8220; header_font_size=&#8220;47px&#8220; custom_padding=&#8220;64px||0px||false|false&#8220; global_colors_info=&#8220;{}&#8220;]<\/p>\n<h1 style=\"text-align: center;\">Bibi Musoso Josephine<\/h1>\n<p>[\/et_pb_text][et_pb_text _builder_version=&#8220;4.23&#8243; _module_preset=&#8220;default&#8220; global_colors_info=&#8220;{}&#8220;][\/et_pb_text][et_pb_text _builder_version=&#8220;4.23&#8243; _module_preset=&#8220;default&#8220; header_4_font=&#8220;Charm||||||||&#8220; header_4_text_color=&#8220;#8300E9&#8243; header_4_font_size=&#8220;35px&#8220; global_colors_info=&#8220;{}&#8220;]<\/p>\n<h4 style=\"text-align: center;\">Pr\u00e9sidente \u2013 fondatrice de l&#8217;ONG TALITHA KOUM (Mrc. 5,41)<\/h4>\n<p>[\/et_pb_text][\/et_pb_column][\/et_pb_row][et_pb_row _builder_version=&#8220;4.23&#8243; _module_preset=&#8220;default&#8220; global_colors_info=&#8220;{}&#8220;][et_pb_column type=&#8220;4_4&#8243; _builder_version=&#8220;4.23&#8243; _module_preset=&#8220;default&#8220; global_colors_info=&#8220;{}&#8220;][\/et_pb_column][\/et_pb_row][et_pb_row _builder_version=&#8220;4.23&#8243; _module_preset=&#8220;default&#8220; global_colors_info=&#8220;{}&#8220;][et_pb_column type=&#8220;4_4&#8243; _builder_version=&#8220;4.23&#8243; _module_preset=&#8220;default&#8220; global_colors_info=&#8220;{}&#8220;][et_pb_text _builder_version=&#8220;4.23&#8243; _module_preset=&#8220;default&#8220; text_font=&#8220;Inter Tight||||||||&#8220; text_font_size=&#8220;19px&#8220; global_colors_info=&#8220;{}&#8220;]<\/p>\n<p style=\"text-align: justify;\">Je suis une servante de l\u00b4Eternel, j&#8217;assiste les fils et filles de Dieu, spirituellement et gr\u00e2ce au don que j\u00b4ai re\u00e7u du Seigneur J\u00e9sus, J&#8217;anime un programme de pri\u00e8re en ligne tous le mardi et vendredi. Sur le pas du Christ, toujours pr\u00eate \u00e0 porter secours.<\/p>\n<p>[\/et_pb_text][et_pb_text _builder_version=&#8220;4.23&#8243; _module_preset=&#8220;default&#8220; text_font=&#8220;Inter Tight||||||||&#8220; text_font_size=&#8220;19px&#8220; global_colors_info=&#8220;{}&#8220;]<\/p>\n<p style=\"text-align: justify;\">D\u00e9j\u00e0 \u00e0 14ans, j\u00b4ai eu un appel d&#8217;entrer au couvent pour servir le Seigneur, \u00e9tant mineure l\u00b4acc\u00e8s ne m&#8217;a pas \u00e9t\u00e9 possible. Au cours de religion, j\u00b4ai d\u00e9couvert ce verset qui est devenu mon credo et qui me rapproche de J\u00e9sus : Matthieu 25,40 : J\u00e9sus dit : \u00ab Tout ce que vous faites \u00e0 l\u00b4un de ces petits de mes fr\u00e8res, c\u00b4est \u00e0 moi que vous l\u00b4avez fait \u00bb. Et depuis Je suis toujours au service de Dieu et des hommes. Un Jour de 2001, lors d\u00b4une pri\u00e8re charismatique, j\u00b4ai encore entendu cette voix dans mon c\u0153ur me disant: \u00ab tu dois me servir, tu dois me servir \u00bb, j\u00b4ai r\u00e9pondu : je suis d\u00e9j\u00e0 \u00e0 la chorale, c\u00b4est pas suffisant ?<\/p>\n<p>[\/et_pb_text][et_pb_text _builder_version=&#8220;4.23&#8243; _module_preset=&#8220;default&#8220; text_font=&#8220;Inter Tight||||||||&#8220; text_font_size=&#8220;19px&#8220; global_colors_info=&#8220;{}&#8220;]<\/p>\n<p style=\"text-align: justify;\">En 2016 \u00a0j&#8217;ai cr\u00e9e groupe de pri\u00e8re dans ma maison, avec les Mamans de la communaut\u00e9. Un bon jour, alors que j&#8217;\u00e9tais dans le train, m\u00e9ditant sur le verset que j&#8217;allais enseigner ce jour-l\u00e0, cette m\u00eame voix surgit encore dans mon esprit disant : \u00ab je t&#8217;ai choisi pour \u00eatre mon t\u00e9moin, va \u00e0 la moisson des hommes \u00bb. Tout de suite je me suis rappel\u00e9 de la vision du 2001 : Comme Marie, ma r\u00e9ponse \u00e9tait et, est :\u00ab Magnificat, anima mea Dominum \u00bb.<\/p>\n<p>[\/et_pb_text][et_pb_text _builder_version=&#8220;4.23&#8243; _module_preset=&#8220;default&#8220; text_font=&#8220;Inter Tight||||||||&#8220; text_font_size=&#8220;19px&#8220; global_colors_info=&#8220;{}&#8220;]<\/p>\n<p style=\"text-align: justify;\">Arriv\u00e9e en Europe, toujours dans le cadre de porter secours aux autres, je travaille depuis 2008 comme b\u00e9n\u00e9vole \u00e0 la croix rouge \u00e0 vienne, et depuis 2011 je suis marraine de plus d\u00b4un enfant \u00e0 SOS kinderdorf (village d\u00b4enfants) dans le souci de promouvoir \u00e0 leur \u00e9ducation et formation.<\/p>\n<p>[\/et_pb_text][et_pb_text _builder_version=&#8220;4.23&#8243; _module_preset=&#8220;default&#8220; text_font=&#8220;Inter Tight||||||||&#8220; text_font_size=&#8220;19px&#8220; global_colors_info=&#8220;{}&#8220;]<\/p>\n<p style=\"text-align: justify;\">En Europe donc, grande est ma joie de d\u00e9couvrir \u00e0 travers les rues de la ville, comment sont trait\u00e9s, aim\u00e9es, respect\u00e9es et consid\u00e9r\u00e9es les personnes vivant avec handicap. J&#8217;\u00e9prouve une grande joie lorsque je croise une personne dans sa chaise roulante seule, en train de faire du shopping ou encore une autre avec son b\u00e2ton ou son chien comme guide dans les transports en commun.<\/p>\n<p>[\/et_pb_text][et_pb_text _builder_version=&#8220;4.23&#8243; _module_preset=&#8220;default&#8220; text_font=&#8220;Inter Tight||||||||&#8220; text_font_size=&#8220;19px&#8220; global_colors_info=&#8220;{}&#8220;]<\/p>\n<p style=\"text-align: justify;\">Ainsi s&#8217;est ajout\u00e9 en moi un deuxi\u00e8me souhait, Dieu aidant, celui de donner de la valeur, et de la consid\u00e9ration aux personnes vivant avec un handicap, \u00ab en occurrence les africains \u00bb d&#8217;avoir confiance en eux, en se concentrant sur leur capacit\u00e9s et non leur infirmit\u00e9, pour apprendre le m\u00e9tier de leur choix afin de retrouver une place sur le march\u00e9 du travail et de vivre dignement en soci\u00e9t\u00e9.<\/p>\n<p>[\/et_pb_text][\/et_pb_column][\/et_pb_row][et_pb_row _builder_version=&#8220;4.23.1&#8243; _module_preset=&#8220;default&#8220; custom_margin=&#8220;120px||||false|false&#8220; global_colors_info=&#8220;{}&#8220;][et_pb_column type=&#8220;4_4&#8243; _builder_version=&#8220;4.23.1&#8243; _module_preset=&#8220;default&#8220; global_colors_info=&#8220;{}&#8220;][et_pb_image src=&#8220;https:\/\/ongtalithakoum.org\/wp-content\/uploads\/2023\/12\/IMG-20231124-WA0002.jpg&#8220; title_text=&#8220;IMG-20231124-WA0002&#8243; align=&#8220;center&#8220; _builder_version=&#8220;4.23.1&#8243; _module_preset=&#8220;default&#8220; max_width=&#8220;300px&#8220; global_colors_info=&#8220;{}&#8220;][\/et_pb_image][et_pb_text _builder_version=&#8220;4.23.1&#8243; _module_preset=&#8220;default&#8220; text_font_size=&#8220;13px&#8220; header_font=&#8220;Baskervville||||||||&#8220; header_font_size=&#8220;60px&#8220; global_colors_info=&#8220;{}&#8220;]<\/p>\n<h2 style=\"text-align: center;\"><strong><span style=\"color: #800080;\">THEME : \u00ab CONFERENCE INTERNATIONALE DES FEMMES AFRICAINES DE LA DIASPORA SUR L\u2019EMERGENCE DE L\u2019AFRIQUE \u00bb<\/span><\/strong><\/h2>\n<p>[\/et_pb_text][et_pb_text _builder_version=&#8220;4.23.1&#8243; _module_preset=&#8220;default&#8220; text_font=&#8220;Inter Tight||||||||&#8220; text_font_size=&#8220;19px&#8220; global_colors_info=&#8220;{}&#8220;]<\/p>\n<p><strong>Lieu :<\/strong> Dallas Texas<br \/><strong>Dates :<\/strong> Du 15 au 19 Mars 2022<br \/><strong>Oratrice :<\/strong> <em>Madame Bibi MUSOSO<\/em>, Pr\u00e9sidente et Fondatrice de l\u2019ONG TALITHA KOUM<\/p>\n<p>[\/et_pb_text][et_pb_image src=&#8220;https:\/\/ongtalithakoum.org\/wp-content\/uploads\/2023\/11\/LOGO-Fr-1.png&#8220; title_text=&#8220;LOGO-Fr&#8220; _builder_version=&#8220;4.23.1&#8243; _module_preset=&#8220;default&#8220; max_width=&#8220;150px&#8220; global_colors_info=&#8220;{}&#8220;][\/et_pb_image][et_pb_text _builder_version=&#8220;4.23.1&#8243; _module_preset=&#8220;default&#8220; text_font=&#8220;Inter Tight||||||||&#8220; text_font_size=&#8220;19px&#8220; global_colors_info=&#8220;{}&#8220;]<\/p>\n<p><strong><u>Sous th\u00e8me<\/u><\/strong>\u00a0: \u00ab\u00a0L\u2019entreprenariat des personnes vuln\u00e9rables en Afrique\u00a0: <strong><u>Cas\u00a0 des \u00a0Handicap\u00e9s<\/u><\/strong>\u00a0\u00bb<\/p>\n<p>[\/et_pb_text][et_pb_text _builder_version=&#8220;4.23.1&#8243; _module_preset=&#8220;default&#8220; text_font=&#8220;Inter Tight||||||||&#8220; text_font_size=&#8220;19px&#8220; custom_margin=&#8220;||100px||false|false&#8220; global_colors_info=&#8220;{}&#8220;]<\/p>\n<p><strong><em>R\u00e9sum\u00e9<\/em><\/strong><\/p>\n<p>Le champ de la recherche sur l\u2019entreprenariat des personnes vuln\u00e9rables notamment les handicap\u00e9s, est encourag\u00e9 par le nombre croissant d\u2019organisations, quand bien m\u00eame l\u2019ONG\u00a0 T<strong>alitha Koum<\/strong> dans son principal combat concentr\u00e9 sur la lutte contre la pauvret\u00e9, le ch\u00f4mage, la d\u00e9linquance l\u00b4analphab\u00e9tisation, l\u00b4exclusion et la discrimination \u00e0 l\u00b4encontre des personnes vuln\u00e9rables notamment, celles vivant avec handicap, se voit engag\u00e9e \u00e0 partager ses exp\u00e9riences \u00e0 l\u2019occasion de la CIFAD. Dans la foul\u00e9e,\u00a0 les travaux partant de l\u2019Entreprenariat en Afrique commencent \u00e0 prendre de l\u2019ampleur, car il s\u2019agit de l\u2019un des enjeux majeurs du d\u00e9veloppement.<\/p>\n<p>[\/et_pb_text][et_pb_text _builder_version=&#8220;4.23.1&#8243; _module_preset=&#8220;default&#8220; text_font=&#8220;Inter Tight||||||||&#8220; text_font_size=&#8220;19px&#8220; custom_margin=&#8220;||100px||false|false&#8220; global_colors_info=&#8220;{}&#8220;]<\/p>\n<p><strong> 1. <\/strong><strong><span>INTRODUCTION<\/span><\/strong><\/p>\n<p>Par personnes vuln\u00e9rables, il faut entendre des personnes en situation de faiblesse physique ou psychique (grossesse, handicap, maladie, vieillesse, etc.), que la loi prot\u00e8ge des abus commis \u00e0 son encontre, notamment en mati\u00e8re p\u00e9nale ou sociale.<\/p>\n<p>L\u2019OMS d\u00e9finit une personne handicap\u00e9e comme toute personne dont l\u2019int\u00e9grit\u00e9 physique ou mentale est passag\u00e8rement ou d\u00e9finitivement diminu\u00e9e, soit cong\u00e9nitalement, soit l\u2019effet de l\u2019\u00e2ge ou d\u2019un accident en sorte que son autonomie, son aptitude \u00e0 fr\u00e9quenter l\u2019\u00e9cole ou \u00e0 occuper un emploi s\u2019en trouve compromise. L\u2019acc\u00e8s au march\u00e9 du travail pour cette cat\u00e9gorie des vuln\u00e9rables demeure un r\u00eave difficile \u00e0 atteindre. Malgr\u00e9 le poids\u00a0 d\u00e9mographique qu\u2019elles repr\u00e9sentent, estim\u00e9 \u00e0\u00a0 1 Milliard des personnes, soit 15% de la population mondiale, affirme l\u2019OMS dans son rapport de 2012 que dans le monde entier, \u00a0les personnes handicap\u00e9es participent moins \u00e0\u00a0 la\u00a0 vie \u00e9conomique, connaissent un taux de scolarit\u00e9 plus faible que la moyenne et ont un taux de pauvret\u00e9 plus \u00e9lev\u00e9\u00a0 que celles qui ne sont pas handicap\u00e9es.<\/p>\n<p>[\/et_pb_text][et_pb_text _builder_version=&#8220;4.23.1&#8243; _module_preset=&#8220;default&#8220; text_font=&#8220;Inter Tight||||||||&#8220; text_font_size=&#8220;19px&#8220; custom_margin=&#8220;||100px||false|false&#8220; global_colors_info=&#8220;{}&#8220;]<strong>2. APPROCHE GLOBALE DE L\u2019ENTREPRENARIAT DES PERSONNES HANDICAPEES<\/strong><\/p>\n<p><strong><\/strong><\/p>\n<p>Dans cette approche, quatre points majeurs ont suscit\u00e9 notre attention sur l\u2019entreprenariat des personnes vivant avec handicap\u00a0:<\/p>\n<p>&nbsp;<\/p>\n<ul>\n<li><strong><u>De l\u2019\u00e9tat actuel des recherches sur l\u2019entreprenariat des personnes vivant avec handicap \u00a0<\/u><\/strong><\/li>\n<\/ul>\n<p><strong><u>\u00a0<\/u><\/strong><\/p>\n<p>Partant de l\u2019analyse critique des r\u00e9sultats de recherches de TALITHA KOUM sur l\u2019entreprenariat des personnes vivant avec handicap,\u00a0 nous sugg\u00e9rons une r\u00e9flexion th\u00e9orique sur les strat\u00e9gies d\u2019\u00e9mergence et de gestion d\u2019entreprises appropri\u00e9es \u00e0 cette cat\u00e9gorie des vuln\u00e9rables dans le contexte des Pays en d\u00e9veloppement. L\u2019on observe une p\u00e9nurie d\u2019\u00e9tudes sur les obstacles \u00a0entrepreneuriaux auxquels sont confront\u00e9s les entrepreneurs vivant avec handicap. Peu de choses sont connues sur les facteurs de motivation et d\u2019attitude qui influencent l\u2019entreprenariat des handicap\u00e9s sur le soutien politique des Pays africains\u00a0;<\/p>\n<p>&nbsp;<\/p>\n<ul>\n<li><strong><u>Les raisons de l\u2019entreprenariat chez les personnes vivant avec handicap<\/u><\/strong><\/li>\n<\/ul>\n<p>En Afrique, la majorit\u00e9 des\u00a0 personnes handicap\u00e9es pr\u00e9f\u00e8rent se lancer dans la mendicit\u00e9 et un petit nombreux d\u2019entre eux pensent se donner aux petits emplois autonomes, en se m\u00e9fiant ainsi de la recherche d\u2019emploi salari\u00e9.\u00a0 L\u2019une des raisons qui affaiblie les personnes handicap\u00e9es dans la recherche d\u2019emploi salari\u00e9 est le fait qu\u2019elles rencontrent beaucoup d\u2019obstacles notamment, la discrimination pour acc\u00e9der \u00e0 l\u2019emploi salari\u00e9, or malgr\u00e9 leur handicap physique ou mental, elles peuvent\u00a0 \u00eatre une source importante d\u2019innovations.<\/p>\n<p>Dans ses exp\u00e9riences, l\u2019ONG TALITHA KOUM entant qu\u2019acteur humanitaire,\u00a0 a visitee un centre de formation pour des enfants vivant avec handicap, au \u00ab\u00a0village bondeko, sembola\u00a0\u00bb \u00e0 Matete, dans la Ville de Kinshasa en RDC, pour un encadrement professionnel des personnes handicap\u00e9es et ce, de la minorit\u00e9 jusqu\u2019\u00e0 la majorit\u00e9.<\/p>\n<p>&nbsp;<\/p>\n<ul>\n<li><strong><u>Des obstacles \u00e0 l\u2019entreprenariat des personnes handicap\u00e9es<\/u><\/strong><\/li>\n<\/ul>\n<p>Parmi\u00a0 les obstacles \u00e0 l\u2019entreprenariat des personnes vivant avec handicap, on peut citer notamment le manque de confiance et des aspirations limit\u00e9es,\u00a0 les couts de main-d\u2019\u0153uvre accrus (pour leur apporter une assistance), le\u00a0 manque de services de soutien aux entreprises appropri\u00e9es (la non accessibilit\u00e9 au langage des experts pour les aveugles), le manque de connaissances et des comp\u00e9tences commerciales pertinentes, le non acc\u00e8s au capital de d\u00e9marrage ainsi que l\u2019attitude n\u00e9gative des clients, le manque d\u2019informations pertinentes, le taux de scolarit\u00e9 faible, le manque des mentors, le manque d\u2019\u00e9quipement et des machines. Ces difficult\u00e9s peuvent \u00eatre aggrav\u00e9es par d\u2019autres facteurs tels que le sexe, l\u2019\u00e2ge, le contexte socio-\u00e9conomique d\u00e9favorable et s\u2019ajoute encore le d\u00e9tournement des fonds allou\u00e9s \u00e0 la promotion de l\u2019entreprenariat des personnes vivant avec handicap.<\/p>\n<p>&nbsp;<\/p>\n<ul>\n<li><strong><u>Les strat\u00e9gies \u00e9mergentes pour promouvoir l\u2019entreprenariat des personnes handicap\u00e9es<\/u><\/strong><\/li>\n<\/ul>\n<p>Sensibiliser les personnes en situation d\u2019handicap autour des questions d\u2019entreprenariat, les former et les accompagner\u00a0 \u00e0 l\u2019axe d\u2019intervention le plus privil\u00e9gi\u00e9 par les acteurs des recherches ant\u00e9rieures. Ces sensibilisations, formations et coaching devraient \u00eatre personnalis\u00e9s (\u00e0 cause de la diversit\u00e9 des d\u00e9ficiences) et concerner les domaines suivants\u00a0: l\u2019\u00e9tude du march\u00e9, la r\u00e9daction d\u2019un plan d\u2019affaires, la recherche de\u00a0 financement, les m\u00e9thodes efficace de recherches d\u2019informations, l\u2019assurance qualit\u00e9, la r\u00e9solution des probl\u00e8mes, le rep\u00e9rage des opportunit\u00e9s, le marketing, la planification syst\u00e9matique, n\u00e9gociation, le d\u00e9veloppement-auto-efficacit\u00e9, la pers\u00e9v\u00e9rance, la cr\u00e9ativit\u00e9. Ces activit\u00e9s devraient \u00eatre r\u00e9alis\u00e9es dans des Pays africains par des incubateurs et centres de formation sp\u00e9cialis\u00e9s en entreprenariat.[\/et_pb_text][et_pb_text _builder_version=&#8220;4.23.1&#8243; _module_preset=&#8220;default&#8220; text_font=&#8220;Inter Tight||||||||&#8220; text_font_size=&#8220;19px&#8220; custom_margin=&#8220;||100px||false|false&#8220; global_colors_info=&#8220;{}&#8220;]<\/p>\n<p><strong> 3. <\/strong><strong>CONCLUSION <\/strong><\/p>\n<p>L\u2019entreprenariat des personnes vivant avec \u00a0handicap constitue en amont un pilier du d\u00e9veloppement pour le continent africain. Ainsi,\u00a0 sur base des exp\u00e9riences pratiques v\u00e9cues par TALITHA KOUM, les barri\u00e8res sociales, culturelles et religieuses ainsi que les facteurs ci-haut d\u00e9velopp\u00e9s peuvent constituer parfois un frein au processus de\u00a0 la mise en \u0153uvre des droits des personnes vuln\u00e9rables en Afrique.<\/p>\n<p>Pour conclure, nous retenons qu\u2019en d\u00e9pit de tout, l\u2019entreprenariat des personnes handicap\u00e9es pourra contribuer efficacement au d\u00e9veloppement des pays africains. Afin d\u2019aider efficacement les personnes handicap\u00e9es qui sont nos semblables, l\u2019ONG TALITHA KOUM \u00a0\u00e9merge d\u00e9j\u00e0 dans ce cadre en RDC et invite toutes les africaines et africains de s\u2019attaquer conjointement aux causes structurelles qui bloquent sa mise\u00a0 en \u0153uvre \u00a0sur le march\u00e9 du travail, car investir dans l\u2019\u00e9ducation des personnes vuln\u00e9rable, c\u2019est sauver l\u2019humanit\u00e9 toute enti\u00e8re.<\/p>\n<p>[\/et_pb_text][\/et_pb_column][\/et_pb_row][\/et_pb_section][et_pb_section fb_built=&#8220;1&#8243; _builder_version=&#8220;4.23&#8243; _module_preset=&#8220;default&#8220; background_color=&#8220;#040051&#8243; global_colors_info=&#8220;{}&#8220;][et_pb_row column_structure=&#8220;1_3,1_3,1_3&#8243; _builder_version=&#8220;4.23&#8243; _module_preset=&#8220;default&#8220; width=&#8220;85%&#8220; max_width=&#8220;2035px&#8220; global_colors_info=&#8220;{}&#8220;][et_pb_column type=&#8220;1_3&#8243; _builder_version=&#8220;4.23&#8243; _module_preset=&#8220;default&#8220; global_colors_info=&#8220;{}&#8220;][et_pb_text _builder_version=&#8220;4.23&#8243; _module_preset=&#8220;default&#8220; global_colors_info=&#8220;{}&#8220;]<\/p>\n<p style=\"text-align: center;\"><span style=\"color: #ffffff;\">Addresse<\/span><br \/><span style=\"color: #ffffff;\">Heiligenst\u00e4dterstrasse 131-135<\/span><br \/><span style=\"color: #ffffff;\">1190 Wien\/Austria<\/span><\/p>\n<p>[\/et_pb_text][\/et_pb_column][et_pb_column type=&#8220;1_3&#8243; _builder_version=&#8220;4.23&#8243; _module_preset=&#8220;default&#8220; global_colors_info=&#8220;{}&#8220;][et_pb_text _builder_version=&#8220;4.23&#8243; _module_preset=&#8220;default&#8220; global_colors_info=&#8220;{}&#8220;]<\/p>\n<p style=\"text-align: center;\"><span style=\"color: #ffffff;\">Email:<\/span><\/p>\n<p style=\"text-align: center;\"><span style=\"color: #ffffff;\"><a href=\"mailto:info@ongtalithakoum.org\" style=\"color: #ffffff;\">info@ongtalithakoum.org<\/a><\/span><\/p>\n<p>[\/et_pb_text][et_pb_button button_url=&#8220;https:\/\/instagram.com\/vereintalithakoum?igshid=OGQ5ZDc2ODk2ZA==&#8220; url_new_window=&#8220;on&#8220; button_text=&#8220;.&#8220; button_alignment=&#8220;center&#8220; _builder_version=&#8220;4.23&#8243; _module_preset=&#8220;default&#8220; custom_button=&#8220;on&#8220; button_text_color=&#8220;#FFFFFF&#8220; button_bg_image=&#8220;https:\/\/ongtalithakoum.org\/wp-content\/uploads\/2023\/11\/logo-insta.jpg&#8220; global_colors_info=&#8220;{}&#8220;][\/et_pb_button][\/et_pb_column][et_pb_column type=&#8220;1_3&#8243; _builder_version=&#8220;4.23&#8243; _module_preset=&#8220;default&#8220; global_colors_info=&#8220;{}&#8220;][et_pb_text _builder_version=&#8220;4.23&#8243; _module_preset=&#8220;default&#8220; global_colors_info=&#8220;{}&#8220;]<\/p>\n<p style=\"text-align: center;\"><span style=\"color: #ffffff;\">CONTACT<\/span><br \/><span style=\"color: #ffffff;\">\u00a0<\/span><br \/><span style=\"color: #ffffff;\">T\u00e9l\u00e9phone : + 43 68864986000<\/span><\/p>\n<p>[\/et_pb_text][et_pb_button button_url=&#8220;https:\/\/www.facebook.com\/ongtalithakoum&#8220; url_new_window=&#8220;on&#8220; button_text=&#8220;f&#8220; button_alignment=&#8220;center&#8220; _builder_version=&#8220;4.23.1&#8243; _module_preset=&#8220;default&#8220; custom_button=&#8220;on&#8220; button_text_color=&#8220;#FFFFFF&#8220; button_bg_image=&#8220;https:\/\/ongtalithakoum.org\/wp-content\/uploads\/2023\/11\/LOGO.png&#8220; button_border_width=&#8220;0px&#8220; button_border_radius=&#8220;100px&#8220; hover_enabled=&#8220;0&#8243; global_colors_info=&#8220;{}&#8220; sticky_enabled=&#8220;0&#8243;][\/et_pb_button][\/et_pb_column][\/et_pb_row][\/et_pb_section]<\/p>\n","protected":false},"excerpt":{"rendered":"<p>MON HISTOIREBibi Musoso JosephinePr\u00e9sidente \u2013 fondatrice de l&#8217;ONG TALITHA KOUM (Mrc. 5,41)Je suis une servante de l\u00b4Eternel, j&#8217;assiste les fils et filles de Dieu, spirituellement et gr\u00e2ce au don que j\u00b4ai re\u00e7u du Seigneur J\u00e9sus, J&#8217;anime un programme de pri\u00e8re en ligne tous le mardi et vendredi. Sur le pas du Christ, toujours pr\u00eate \u00e0 [&hellip;]<\/p>\n","protected":false},"author":1,"featured_media":0,"parent":0,"menu_order":0,"comment_status":"closed","ping_status":"closed","template":"","meta":{"_et_pb_use_builder":"on","_et_pb_old_content":"","_et_gb_content_width":"","footnotes":""},"_links":{"self":[{"href":"https:\/\/ongtalithakoum.org\/index.php?rest_route=\/wp\/v2\/pages\/487"}],"collection":[{"href":"https:\/\/ongtalithakoum.org\/index.php?rest_route=\/wp\/v2\/pages"}],"about":[{"href":"https:\/\/ongtalithakoum.org\/index.php?rest_route=\/wp\/v2\/types\/page"}],"author":[{"embeddable":true,"href":"https:\/\/ongtalithakoum.org\/index.php?rest_route=\/wp\/v2\/users\/1"}],"replies":[{"embeddable":true,"href":"https:\/\/ongtalithakoum.org\/index.php?rest_route=%2Fwp%2Fv2%2Fcomments&post=487"}],"version-history":[{"count":28,"href":"https:\/\/ongtalithakoum.org\/index.php?rest_route=\/wp\/v2\/pages\/487\/revisions"}],"predecessor-version":[{"id":1368,"href":"https:\/\/ongtalithakoum.org\/index.php?rest_route=\/wp\/v2\/pages\/487\/revisions\/1368"}],"wp:attachment":[{"href":"https:\/\/ongtalithakoum.org\/index.php?rest_route=%2Fwp%2Fv2%2Fmedia&parent=487"}],"curies":[{"name":"wp","href":"https:\/\/api.w.org\/{rel}","templated":true}]}}