{"id":79,"date":"2023-10-30T02:46:33","date_gmt":"2023-10-30T01:46:33","guid":{"rendered":"https:\/\/ongtalithakoum.org\/?page_id=79"},"modified":"2026-03-01T02:45:47","modified_gmt":"2026-03-01T01:45:47","slug":"a-propos","status":"publish","type":"page","link":"https:\/\/ongtalithakoum.org\/?page_id=79","title":{"rendered":"A propos"},"content":{"rendered":"<p>[et_pb_section fb_built=&#8220;1&#8243; admin_label=&#8220;Header&#8220; _builder_version=&#8220;4.23.1&#8243; _module_preset=&#8220;default&#8220; custom_padding=&#8220;180px||180px||false|false&#8220; locked=&#8220;off&#8220; collapsed=&#8220;on&#8220; global_colors_info=&#8220;{%22gcid-46e54cc2-2550-449e-a151-e85c3a835795%22:%91%22background_color%22%93}&#8220;][et_pb_row _builder_version=&#8220;4.22.0&#8243; _module_preset=&#8220;default&#8220; global_colors_info=&#8220;{}&#8220;][et_pb_column type=&#8220;4_4&#8243; _builder_version=&#8220;4.22.0&#8243; _module_preset=&#8220;default&#8220; global_colors_info=&#8220;{}&#8220;][et_pb_text _builder_version=&#8220;4.23.1&#8243; _module_preset=&#8220;eba43f05-607f-421b-b1c8-7e010e5cfcbe&#8220; custom_margin=&#8220;||10px||false|false&#8220; custom_padding=&#8220;||80px||false|false&#8220; global_colors_info=&#8220;{}&#8220;]<\/p>\n<h1 style=\"text-align: center;\">\u00c0 Propos De Nous<\/h1>\n<p>[\/et_pb_text][et_pb_text _builder_version=&#8220;4.23&#8243; _module_preset=&#8220;8f0da344-73eb-4fb0-a92e-b50ca8b2a0a2&#8243; global_colors_info=&#8220;{}&#8220;]<\/p>\n<p style=\"text-align: justify;\"><em>Talitha koum<\/em> , qui signifie \u00ab\u00a0 petite fille\u00a0 l\u00e8ve toi\u00a0\u00bb\u00a0;est en aram\u00e9en, la langue que J\u00e9sus parlait lorsqu\u00b4il passait de ce monde \u00e0 son p\u00e8re, c\u00b4est donc la phrase que j\u00e9sus a prononc\u00e9 pour ressusciter la fille du chef de la synagogue.( Marc 5,41), De cette signification vient notre slogan\u00a0: \u00ab\u00a0L\u00e8ve toi pour un nouveau d\u00e9part.\u00bb<\/p>\n<p>[\/et_pb_text][et_pb_text _builder_version=&#8220;4.23&#8243; _module_preset=&#8220;8f0da344-73eb-4fb0-a92e-b50ca8b2a0a2&#8243; global_colors_info=&#8220;{}&#8220;]<\/p>\n<p style=\"text-align: justify;\">Talitha Koum est une association Apolitique, non Gouvernementale de droit priv\u00e9 et d\u00b4utilit\u00e9 publique sans but lucratif. L association est bas\u00e9 en Autriche dans la ville de Vienne. Ses activit\u00e9s sont \u00e0 caract\u00e8res humanitaires et sociales. Son principal combat,\u00a0 est la lutte contre la pauvret\u00e9, le ch\u00f4mage, la d\u00e9linquance\u00a0 l\u00b4analphab\u00e9tisation, l\u00b4exclusion et la discrimination \u00e0 l\u00b4encontre des personnes vivant avec handicap, et cela dans les pays en voie de d\u00e9veloppement.<\/p>\n<p>[\/et_pb_text][et_pb_text _builder_version=&#8220;4.23&#8243; _module_preset=&#8220;8f0da344-73eb-4fb0-a92e-b50ca8b2a0a2&#8243; global_colors_info=&#8220;{}&#8220;]<\/p>\n<p style=\"text-align: justify;\">La vision de l&#8217;association TALITHA KOUM est d&#8217;\u0153uvrer pour l\u2019entreprenariat et la promotion des initiatives, pour l&#8217;am\u00e9lioration de condition\u00a0 de vie des personnes vivant avec handicap, les filles m\u00e8res, les enfants de la rue, veuves et orphelins. En vue de leur autonomie sociale, elle vise \u00e0 briser l&#8217;isolement et l&#8217;exclusion en favorisant l&#8217;\u00e9veil des vocations, l&#8217;insertion, le d\u00e9veloppement des talents et l\u2019acquisition des connaissances par l&#8217;\u00e9ducation, l\u2019apprentissage et la formation professionnelle.<\/p>\n<p>[\/et_pb_text][\/et_pb_column][\/et_pb_row][et_pb_row _builder_version=&#8220;4.23.1&#8243; _module_preset=&#8220;default&#8220; custom_padding=&#8220;180px||||false|false&#8220; locked=&#8220;off&#8220; global_colors_info=&#8220;{}&#8220;][et_pb_column type=&#8220;4_4&#8243; _builder_version=&#8220;4.22.0&#8243; _module_preset=&#8220;default&#8220; global_colors_info=&#8220;{}&#8220;][et_pb_text _builder_version=&#8220;4.23.1&#8243; _module_preset=&#8220;c85ffcc5-41e2-4de6-b976-6622bf7fb693&#8243; text_orientation=&#8220;center&#8220; custom_padding=&#8220;||80px||false|false&#8220; global_colors_info=&#8220;{}&#8220;]<\/p>\n<h2>Comment est n\u00e9e<em> Talitha Koum<\/em><\/h2>\n<p>[\/et_pb_text][\/et_pb_column][\/et_pb_row][et_pb_row _builder_version=&#8220;4.23&#8243; _module_preset=&#8220;default&#8220; global_colors_info=&#8220;{}&#8220;][et_pb_column type=&#8220;4_4&#8243; _builder_version=&#8220;4.23&#8243; _module_preset=&#8220;default&#8220; global_colors_info=&#8220;{}&#8220;][et_pb_text _builder_version=&#8220;4.23&#8243; _module_preset=&#8220;default&#8220; text_font=&#8220;Inter||||||||&#8220; text_font_size=&#8220;18px&#8220; text_line_height=&#8220;1.8em&#8220; global_colors_info=&#8220;{}&#8220;]<\/p>\n<p style=\"text-align: justify;\">Talitha koum est le\u00a0\u00a0r\u00e9sultat d\u00b4un d\u00e9sir, d&#8217;un souhait que j&#8217;ai toujours nourri depuis que j&#8217;\u00e9tais au lyc\u00e9e. Je suis toujours pr\u00eate \u00e0 voler au secours des autres, peu importe leur situation, offrant mon aide, physique, morale, mat\u00e9rielle, surtout\u00a0\u00a0spirituelle.ect. Ceci s&#8217;est confirm\u00e9 en 2001 dans une vision pendant la pri\u00e8re o\u00f9 le Seigneur J\u00e9sus me demandait de le servir : Matthieu 25.40 : j\u00e9sus dit, \u00ab dans la mesure o\u00f9 vous l\u00b4avez fait \u00e0 l&#8217;un de plus petits de mes fr\u00e8res, c&#8217;est \u00e0 moi que vous l&#8217;avez fait \u00bb. Voici mon\u00a0\u00a0credo qui revient en surface.<\/p>\n<p style=\"text-align: justify;\">[\/et_pb_text][et_pb_text _builder_version=&#8220;4.23&#8243; _module_preset=&#8220;default&#8220; text_font=&#8220;Inter||||||||&#8220; text_font_size=&#8220;18px&#8220; text_line_height=&#8220;1.8em&#8220; global_colors_info=&#8220;{}&#8220;]<\/p>\n<p style=\"text-align: justify;\">Arriv\u00e9e en Europe, toujours dans le cadre de porter secours aux autres, je travaille depuis 2008 comme b\u00e9n\u00e9vole \u00e0 la croix rouge internationale, et depuis 2011 je suis marraine de plus d&#8217;un enfant \u00e0 SOS kinderdorf (village d&#8217;enfants), dans le souci\u00a0\u00a0de promouvoir \u00e0 leur \u00e9ducation et formation.<\/p>\n<p>[\/et_pb_text][et_pb_text _builder_version=&#8220;4.23&#8243; _module_preset=&#8220;default&#8220; text_font=&#8220;Inter||||||||&#8220; text_font_size=&#8220;18px&#8220; text_line_height=&#8220;1.8em&#8220; global_colors_info=&#8220;{}&#8220;]<\/p>\n<p style=\"text-align: justify;\">En Europe donc, grande est ma joie de d\u00e9couvrir, comment sont trait\u00e9es, aim\u00e9es, respect\u00e9es et consid\u00e9r\u00e9es les personnes vivant avec handicap (moteurs et physique). Ainsi je me suis form\u00e9e pendant 5 ans pour \u00eatre plus pr\u00e8s d&#8217;eux. Ainsi s\u00b4est ajout\u00e9 en moi un deuxi\u00e8me souhait, Dieu aidant, celui de donner de la valeur, et la consid\u00e9ration aux Africains vivants avec un handicap.<\/p>\n<p>[\/et_pb_text][et_pb_text _builder_version=&#8220;4.23&#8243; _module_preset=&#8220;default&#8220; text_font=&#8220;Inter||||||||&#8220; text_font_size=&#8220;18px&#8220; text_line_height=&#8220;1.8em&#8220; global_colors_info=&#8220;{}&#8220;]<\/p>\n<p style=\"text-align: justify;\">Voici qu&#8217;en 2019, j&#8217;ai vol\u00e9e au secours d&#8217;une famille de 6 personnes en d\u00e9tresse, orphelins de p\u00e8re et de m\u00e8re, abandonn\u00e9es \u00e0 leur propre sort. L\u00b4ain\u00e9e avait juste 22ans, contrainte \u00e0 abandonner ses \u00e9tudes pour s \u00b4occuper de ses fr\u00e8res et s\u0153urs. Saisi de compassion en \u00e9coutant leur histoire, Le Seigneur m\u00b4a mis \u00e0 c\u0153ur de leur venir en aide. Le geste que j&#8217;avais fait \u00e0 cette famille, leur a permis de reprendre les \u00e9tudes, les a redonn\u00e9 le sourire, la joie et l&#8217;espoir \u00e0 la vie.<\/p>\n<p>[\/et_pb_text][et_pb_text _builder_version=&#8220;4.23&#8243; _module_preset=&#8220;default&#8220; text_font=&#8220;Inter||||||||&#8220; text_font_size=&#8220;18px&#8220; text_line_height=&#8220;1.8em&#8220; global_colors_info=&#8220;{}&#8220;]<\/p>\n<p style=\"text-align: justify;\">\u00a0Partant de cette exp\u00e9rience, m\u00e9ditant sur mon credo, Mat 25 ,40\u00a0:<\/p>\n<p style=\"text-align: justify;\"><strong>\u00a0<\/strong>Et J\u00e9sus dit: Je vous le dis en v\u00e9rit\u00e9, toutes les fois que vous avez fait ces choses \u00e0 l&#8217;un de ces plus petits de mes fr\u00e8res, c&#8217;est \u00e0 moi que vous les avez faite.\u00a0\u00a0L\u00b4inspiration m\u00b4est venu de r\u00e9aliser mon r\u00eave d\u00b4enfance, celui de cr\u00e9er cette association, afin de partager continuellement cette joie, dans l\u00b4amour du christ. C\u00b4est ainsi qu\u00b4en date du 20 juillet 2020 est n\u00e9e TALITHA KOUM.<\/p>\n<p>[\/et_pb_text][\/et_pb_column][\/et_pb_row][et_pb_row _builder_version=&#8220;4.23.1&#8243; _module_preset=&#8220;default&#8220; custom_padding=&#8220;180px||||false|false&#8220; locked=&#8220;off&#8220; global_colors_info=&#8220;{}&#8220;][et_pb_column type=&#8220;4_4&#8243; _builder_version=&#8220;4.22.0&#8243; _module_preset=&#8220;default&#8220; global_colors_info=&#8220;{}&#8220;][et_pb_text _builder_version=&#8220;4.23.1&#8243; _module_preset=&#8220;c85ffcc5-41e2-4de6-b976-6622bf7fb693&#8243; text_orientation=&#8220;center&#8220; custom_padding=&#8220;||80px||false|false&#8220; global_colors_info=&#8220;{}&#8220;]<\/p>\n<h2><em><span style=\"text-decoration: underline;\">OBJECTIFS<\/span><\/em><\/h2>\n<p>[\/et_pb_text][\/et_pb_column][\/et_pb_row][et_pb_row _builder_version=&#8220;4.23&#8243; _module_preset=&#8220;default&#8220; global_colors_info=&#8220;{}&#8220;][et_pb_column type=&#8220;4_4&#8243; _builder_version=&#8220;4.23&#8243; _module_preset=&#8220;default&#8220; global_colors_info=&#8220;{}&#8220;][et_pb_text _builder_version=&#8220;4.23&#8243; _module_preset=&#8220;default&#8220; text_font=&#8220;Inter||||||||&#8220; text_font_size=&#8220;18px&#8220; text_line_height=&#8220;1.8em&#8220; global_colors_info=&#8220;{}&#8220;]<\/p>\n<p style=\"text-align: justify;\">Afin de promouvoir l\u00b4insertion et permettre un d\u00e9veloppement durable du congo et contribuer \u00e0 la r\u00e9duction de la pauvret\u00e9, &lt;&lt;Talitha koum &gt;&gt; et les membres qui la constituent se donnent les objectifs suivants\u00a0:<\/p>\n<p>[\/et_pb_text][\/et_pb_column][\/et_pb_row][et_pb_row column_structure=&#8220;1_2,1_2&#8243; _builder_version=&#8220;4.22.0&#8243; _module_preset=&#8220;default&#8220; global_colors_info=&#8220;{}&#8220;][et_pb_column type=&#8220;1_2&#8243; _builder_version=&#8220;4.22.0&#8243; _module_preset=&#8220;default&#8220; global_colors_info=&#8220;{}&#8220;][et_pb_text _builder_version=&#8220;4.23&#8243; _module_preset=&#8220;8f0da344-73eb-4fb0-a92e-b50ca8b2a0a2&#8243; global_colors_info=&#8220;{}&#8220;]<\/p>\n<ul>\n<li style=\"text-align: justify;\">Construire de centres d&#8217;apprentissage et de formation professionnelle<\/li>\n<li style=\"text-align: justify;\">Favoriser une participation massive de jeunes congolais a l\u00b4apprentissage d&#8217;un m\u00e9tier.<\/li>\n<li style=\"text-align: justify;\">Intervenir dans les domaines de la pauvret\u00e9, la d\u00e9linquance chez les exclus, les filles m\u00e8res, orphelins, les veuves, les plus d\u00e9munis et les personnes vivant avec handicap, en les motivant \u00e0 apprendre un m\u00e9tier.<\/li>\n<\/ul>\n<p>[\/et_pb_text][\/et_pb_column][et_pb_column type=&#8220;1_2&#8243; _builder_version=&#8220;4.22.0&#8243; _module_preset=&#8220;default&#8220; global_colors_info=&#8220;{}&#8220;][et_pb_text _builder_version=&#8220;4.23&#8243; _module_preset=&#8220;8f0da344-73eb-4fb0-a92e-b50ca8b2a0a2&#8243; global_colors_info=&#8220;{}&#8220;]<\/p>\n<ul>\n<li style=\"text-align: justify;\">\u00c9duquer, d\u00e9velopper, promouvoir et favoriser des activit\u00e9s \u00e0 caract\u00e8re culturel et social dans le respect de l&#8217;\u00e9thique chr\u00e9tienne.<\/li>\n<li style=\"text-align: justify;\">Former et cr\u00e9er des emplois pour toutes ces personnes d\u00e9favoris\u00e9es, afin qu&#8217;ils soient ind\u00e9pendants et comp\u00e9tents.<\/li>\n<li style=\"text-align: justify;\">Favoriser l\u2019entraide mutuelle et l&#8217;am\u00e9lioration de niveau de vie des plus d\u00e9munis.<\/li>\n<\/ul>\n<p>[\/et_pb_text][\/et_pb_column][\/et_pb_row][\/et_pb_section][et_pb_section fb_built=&#8220;1&#8243; admin_label=&#8220;About&#8220; _builder_version=&#8220;4.23.1&#8243; _module_preset=&#8220;default&#8220; custom_padding=&#8220;||100px||false|false&#8220; collapsed=&#8220;on&#8220; global_colors_info=&#8220;{}&#8220;][et_pb_row _builder_version=&#8220;4.22.0&#8243; _module_preset=&#8220;default&#8220; global_colors_info=&#8220;{}&#8220;][et_pb_column type=&#8220;4_4&#8243; _builder_version=&#8220;4.22.0&#8243; _module_preset=&#8220;default&#8220; global_colors_info=&#8220;{}&#8220;][et_pb_text _builder_version=&#8220;4.23.1&#8243; _module_preset=&#8220;c85ffcc5-41e2-4de6-b976-6622bf7fb693&#8243; text_orientation=&#8220;center&#8220; custom_padding=&#8220;||80px||false|false&#8220; global_colors_info=&#8220;{}&#8220;]<\/p>\n<h2><em>NOTRE EQUIPE<\/em><\/h2>\n<p>[\/et_pb_text][\/et_pb_column][\/et_pb_row][et_pb_row make_equal=&#8220;on&#8220; _builder_version=&#8220;4.22.0&#8243; _module_preset=&#8220;default&#8220; custom_padding=&#8220;0px||0px||true|false&#8220; locked=&#8220;off&#8220; global_colors_info=&#8220;{}&#8220;][et_pb_column type=&#8220;4_4&#8243; _builder_version=&#8220;4.22.0&#8243; _module_preset=&#8220;default&#8220; background_color=&#8220;gcid-34807b40-f97e-428a-90f8-6d5ad2ecd8cd&#8220; box_shadow_style=&#8220;preset4&#8243; box_shadow_horizontal=&#8220;-10vw&#8220; box_shadow_vertical=&#8220;0px&#8220; box_shadow_color=&#8220;gcid-34807b40-f97e-428a-90f8-6d5ad2ecd8cd&#8220; global_colors_info=&#8220;{%22gcid-34807b40-f97e-428a-90f8-6d5ad2ecd8cd%22:%91%22background_color%22,%22box_shadow_color%22%93}&#8220;][et_pb_text _builder_version=&#8220;4.23&#8243; _module_preset=&#8220;8f0da344-73eb-4fb0-a92e-b50ca8b2a0a2&#8243; global_colors_info=&#8220;{}&#8220;]<\/p>\n<p style=\"text-align: justify;\"><em>Talitha koum<\/em> est bas\u00e9 en Autriche, \u00e1 Vienne, o\u00f9 nous travaillons avec une \u00e9quipe de 5 personnes,<span> actives et sympathisantes sans distinction de couleur,<\/span> membres de comit\u00e9 directeur et benevoles.<\/p>\n<p>[\/et_pb_text][et_pb_text _builder_version=&#8220;4.23&#8243; _module_preset=&#8220;8f0da344-73eb-4fb0-a92e-b50ca8b2a0a2&#8243; global_colors_info=&#8220;{}&#8220;]<\/p>\n<p style=\"text-align: justify;\"><em>Talitha koum<\/em> est implant\u00e9 en Rep dem du congo, et d\u00e9j\u00e0 actif. L\u00e0-bas nous travaillons avec une \u00e9quipe de 8 personnes, sympathisants et membre du comit\u00e9 directeur, tous b\u00e9n\u00e9voles.<\/p>\n<p>[\/et_pb_text][et_pb_text _builder_version=&#8220;4.23&#8243; _module_preset=&#8220;8f0da344-73eb-4fb0-a92e-b50ca8b2a0a2&#8243; global_colors_info=&#8220;{}&#8220;]<\/p>\n<p style=\"text-align: justify;\"><em>L&#8217;ONG Talitha koum est d\u00e9j\u00e0 op\u00e9rationnelle \u00e0 Lubumbashi.(dans la r\u00e9gion de katanga, en RDC), nous travaillons avec une \u00e9quipe de 7 personnes membres du comit\u00e9 directeur.\u00a0<\/em><\/p>\n<p>[\/et_pb_text][\/et_pb_column][\/et_pb_row][et_pb_row _builder_version=&#8220;4.23&#8243; _module_preset=&#8220;default&#8220; global_colors_info=&#8220;{}&#8220;][et_pb_column type=&#8220;4_4&#8243; _builder_version=&#8220;4.23&#8243; _module_preset=&#8220;default&#8220; global_colors_info=&#8220;{}&#8220;][\/et_pb_column][\/et_pb_row][\/et_pb_section][et_pb_section fb_built=&#8220;1&#8243; _builder_version=&#8220;4.23.1&#8243; _module_preset=&#8220;default&#8220; background_color=&#8220;#f5f6f1&#8243; min_height=&#8220;500px&#8220; custom_margin=&#8220;||||false|false&#8220; custom_padding=&#8220;||20px||false|false&#8220; global_colors_info=&#8220;{}&#8220;][et_pb_row _builder_version=&#8220;4.22.2&#8243; _module_preset=&#8220;default&#8220; global_colors_info=&#8220;{}&#8220;][et_pb_column type=&#8220;4_4&#8243; _builder_version=&#8220;4.22.2&#8243; _module_preset=&#8220;default&#8220; global_colors_info=&#8220;{}&#8220;][et_pb_text _builder_version=&#8220;4.23.1&#8243; _module_preset=&#8220;default&#8220; header_font_size=&#8220;48px&#8220; header_2_font=&#8220;Alike||||||||&#8220; header_2_font_size=&#8220;41px&#8220; global_colors_info=&#8220;{}&#8220;]<\/p>\n<h1 style=\"text-align: center;\"><strong>NOS PARTENAIRES<\/strong><\/h1>\n<p>[\/et_pb_text][\/et_pb_column][\/et_pb_row][et_pb_row column_structure=&#8220;1_6,1_6,1_6,1_6,1_6,1_6&#8243; _builder_version=&#8220;4.23.1&#8243; _module_preset=&#8220;default&#8220; custom_margin=&#8220;100px||||false|false&#8220; global_colors_info=&#8220;{}&#8220;][et_pb_column type=&#8220;1_6&#8243; _builder_version=&#8220;4.22.2&#8243; _module_preset=&#8220;default&#8220; global_colors_info=&#8220;{}&#8220;][\/et_pb_column][et_pb_column type=&#8220;1_6&#8243; _builder_version=&#8220;4.22.2&#8243; _module_preset=&#8220;default&#8220; global_colors_info=&#8220;{}&#8220;][et_pb_image src=&#8220;https:\/\/ongtalithakoum.org\/wp-content\/uploads\/2023\/12\/IMG-20231202-WA0004.jpg&#8220; title_text=&#8220;IMG-20231202-WA0004&#8243; _builder_version=&#8220;4.23.1&#8243; _module_preset=&#8220;default&#8220; global_colors_info=&#8220;{}&#8220;][\/et_pb_image][\/et_pb_column][et_pb_column type=&#8220;1_6&#8243; _builder_version=&#8220;4.22.2&#8243; _module_preset=&#8220;default&#8220; global_colors_info=&#8220;{}&#8220;][et_pb_image src=&#8220;https:\/\/ongtalithakoum.org\/wp-content\/uploads\/2023\/12\/IMG-20231124-WA0002.jpg&#8220; title_text=&#8220;IMG-20231124-WA0002&#8243; _builder_version=&#8220;4.23.1&#8243; _module_preset=&#8220;default&#8220; global_colors_info=&#8220;{}&#8220;][\/et_pb_image][\/et_pb_column][et_pb_column type=&#8220;1_6&#8243; _builder_version=&#8220;4.23.1&#8243; _module_preset=&#8220;default&#8220; global_colors_info=&#8220;{}&#8220;][et_pb_image src=&#8220;https:\/\/ongtalithakoum.org\/wp-content\/uploads\/2023\/12\/IMG-20231124-WA0006-1.jpg&#8220; title_text=&#8220;IMG-20231124-WA0006&#8243; _builder_version=&#8220;4.23.1&#8243; _module_preset=&#8220;default&#8220; global_colors_info=&#8220;{}&#8220;][\/et_pb_image][\/et_pb_column][et_pb_column type=&#8220;1_6&#8243; _builder_version=&#8220;4.23.1&#8243; _module_preset=&#8220;default&#8220; global_colors_info=&#8220;{}&#8220;][et_pb_image src=&#8220;https:\/\/ongtalithakoum.org\/wp-content\/uploads\/2023\/12\/IMG-20231126-WA0002.jpg&#8220; title_text=&#8220;IMG-20231126-WA0002&#8243; _builder_version=&#8220;4.23.1&#8243; _module_preset=&#8220;default&#8220; custom_margin=&#8220;35px||||false|false&#8220; global_colors_info=&#8220;{}&#8220;][\/et_pb_image][\/et_pb_column][et_pb_column type=&#8220;1_6&#8243; _builder_version=&#8220;4.23.1&#8243; _module_preset=&#8220;default&#8220; global_colors_info=&#8220;{}&#8220;][\/et_pb_column][\/et_pb_row][\/et_pb_section][et_pb_section fb_built=&#8220;1&#8243; admin_label=&#8220;Footer CTA&#8220; _builder_version=&#8220;4.23.1&#8243; _module_preset=&#8220;default&#8220; background_color=&#8220;#f5f6f1&#8243; custom_padding=&#8220;180px||0px||false|false&#8220; bottom_divider_style=&#8220;curve&#8220; bottom_divider_color=&#8220;gcid-177a5697-02fd-46ba-bfa9-5a099a3378ae&#8220; bottom_divider_flip=&#8220;vertical&#8220; collapsed=&#8220;on&#8220; global_colors_info=&#8220;{%22gcid-177a5697-02fd-46ba-bfa9-5a099a3378ae%22:%91%22bottom_divider_color%22%93}&#8220;][\/et_pb_section][et_pb_section fb_built=&#8220;1&#8243; _builder_version=&#8220;4.23&#8243; _module_preset=&#8220;default&#8220; background_color=&#8220;#040051&#8243; global_colors_info=&#8220;{}&#8220;][et_pb_row column_structure=&#8220;1_3,1_3,1_3&#8243; _builder_version=&#8220;4.23&#8243; _module_preset=&#8220;default&#8220; width=&#8220;86%&#8220; max_width=&#8220;1363px&#8220; global_colors_info=&#8220;{}&#8220;][et_pb_column type=&#8220;1_3&#8243; _builder_version=&#8220;4.23&#8243; _module_preset=&#8220;default&#8220; global_colors_info=&#8220;{}&#8220;][et_pb_text _builder_version=&#8220;4.23&#8243; _module_preset=&#8220;default&#8220; global_colors_info=&#8220;{}&#8220;]<\/p>\n<p style=\"text-align: center;\"><span style=\"color: #ffffff;\">Addresse<\/span><br \/><span style=\"color: #ffffff;\">Heiligenst\u00e4dterstrasse 131-135<\/span><br \/><span style=\"color: #ffffff;\">1190 Wien\/Austria<\/span><\/p>\n<p>[\/et_pb_text][\/et_pb_column][et_pb_column type=&#8220;1_3&#8243; _builder_version=&#8220;4.23&#8243; _module_preset=&#8220;default&#8220; global_colors_info=&#8220;{}&#8220;][et_pb_text _builder_version=&#8220;4.23&#8243; _module_preset=&#8220;default&#8220; custom_padding=&#8220;||2px|||&#8220; global_colors_info=&#8220;{}&#8220;]<\/p>\n<p style=\"text-align: center;\"><span style=\"color: #ffffff;\">\u200bEmail:<\/span><\/p>\n<p style=\"text-align: center;\"><span style=\"color: #ffffff;\"><a href=\"mailto:info@ongtalithakoum.org\" style=\"color: #ffffff;\">info@ongtalithakoum.org<\/a><\/span><\/p>\n<p>[\/et_pb_text][et_pb_button button_url=&#8220;https:\/\/instagram.com\/vereintalithakoum?igshid=OGQ5ZDc2ODk2ZA==&#8220; url_new_window=&#8220;on&#8220; button_text=&#8220;.&#8220; button_alignment=&#8220;center&#8220; _builder_version=&#8220;4.23&#8243; _module_preset=&#8220;default&#8220; custom_button=&#8220;on&#8220; button_text_color=&#8220;#FFFFFF&#8220; button_bg_image=&#8220;https:\/\/ongtalithakoum.org\/wp-content\/uploads\/2023\/11\/logo-insta.jpg&#8220; global_colors_info=&#8220;{}&#8220;][\/et_pb_button][\/et_pb_column][et_pb_column type=&#8220;1_3&#8243; _builder_version=&#8220;4.23&#8243; _module_preset=&#8220;default&#8220; global_colors_info=&#8220;{}&#8220;][et_pb_text _builder_version=&#8220;4.23&#8243; _module_preset=&#8220;default&#8220; text_font=&#8220;||||||||&#8220; global_colors_info=&#8220;{}&#8220;]<\/p>\n<p style=\"text-align: center;\"><span style=\"color: #ffffff;\">CONTACT<\/span><br \/><span style=\"color: #ffffff;\">\u00a0<\/span><br \/><span style=\"color: #ffffff;\">T\u00e9l\u00e9phone : + 43 68864986000<\/span><\/p>\n<p>[\/et_pb_text][et_pb_social_media_follow _builder_version=&#8220;4.23.1&#8243; _module_preset=&#8220;default&#8220; hover_enabled=&#8220;0&#8243; sticky_enabled=&#8220;0&#8243;][et_pb_social_media_follow_network social_network=&#8220;twitter&#8220; background_color=&#8220;#000000&#8243; _builder_version=&#8220;4.23.1&#8243; _module_preset=&#8220;default&#8220; follow_button=&#8220;off&#8220; url_new_window=&#8220;on&#8220;]X[\/et_pb_social_media_follow_network][et_pb_social_media_follow_network social_network=&#8220;facebook&#8220; background_color=&#8220;#3b5998&#8243; _builder_version=&#8220;4.23.1&#8243; _module_preset=&#8220;default&#8220; follow_button=&#8220;off&#8220; url_new_window=&#8220;on&#8220; url=&#8220;https:\/\/www.facebook.com\/profile.php?id=100070469611576&#038;locale=de_DE&#8220; hover_enabled=&#8220;0&#8243; sticky_enabled=&#8220;0&#8243;]facebook[\/et_pb_social_media_follow_network][\/et_pb_social_media_follow][\/et_pb_column][\/et_pb_row][\/et_pb_section]<\/p>\n","protected":false},"excerpt":{"rendered":"<p>\u00c0 Propos De NousTalitha koum , qui signifie \u00ab\u00a0 petite fille\u00a0 l\u00e8ve toi\u00a0\u00bb\u00a0;est en aram\u00e9en, la langue que J\u00e9sus parlait lorsqu\u00b4il passait de ce monde \u00e0 son p\u00e8re, c\u00b4est donc la phrase que j\u00e9sus a prononc\u00e9 pour ressusciter la fille du chef de la synagogue.( Marc 5,41), De cette signification vient notre slogan\u00a0: \u00ab\u00a0L\u00e8ve toi [&hellip;]<\/p>\n","protected":false},"author":1,"featured_media":0,"parent":0,"menu_order":0,"comment_status":"closed","ping_status":"closed","template":"","meta":{"_et_pb_use_builder":"on","_et_pb_old_content":"","_et_gb_content_width":"","footnotes":""},"_links":{"self":[{"href":"https:\/\/ongtalithakoum.org\/index.php?rest_route=\/wp\/v2\/pages\/79"}],"collection":[{"href":"https:\/\/ongtalithakoum.org\/index.php?rest_route=\/wp\/v2\/pages"}],"about":[{"href":"https:\/\/ongtalithakoum.org\/index.php?rest_route=\/wp\/v2\/types\/page"}],"author":[{"embeddable":true,"href":"https:\/\/ongtalithakoum.org\/index.php?rest_route=\/wp\/v2\/users\/1"}],"replies":[{"embeddable":true,"href":"https:\/\/ongtalithakoum.org\/index.php?rest_route=%2Fwp%2Fv2%2Fcomments&post=79"}],"version-history":[{"count":39,"href":"https:\/\/ongtalithakoum.org\/index.php?rest_route=\/wp\/v2\/pages\/79\/revisions"}],"predecessor-version":[{"id":1408,"href":"https:\/\/ongtalithakoum.org\/index.php?rest_route=\/wp\/v2\/pages\/79\/revisions\/1408"}],"wp:attachment":[{"href":"https:\/\/ongtalithakoum.org\/index.php?rest_route=%2Fwp%2Fv2%2Fmedia&parent=79"}],"curies":[{"name":"wp","href":"https:\/\/api.w.org\/{rel}","templated":true}]}}