{"id":791,"date":"2023-11-16T01:22:38","date_gmt":"2023-11-16T00:22:38","guid":{"rendered":"https:\/\/ongtalithakoum.org\/?page_id=791"},"modified":"2023-11-21T15:35:43","modified_gmt":"2023-11-21T14:35:43","slug":"791-2","status":"publish","type":"page","link":"https:\/\/ongtalithakoum.org\/?page_id=791","title":{"rendered":"Western Union"},"content":{"rendered":"<p>[et_pb_section fb_built=&#8220;1&#8243; _builder_version=&#8220;4.23.1&#8243; _module_preset=&#8220;default&#8220; custom_margin=&#8220;||||false|false&#8220; custom_padding=&#8220;180px||180px||false|false&#8220; hover_enabled=&#8220;0&#8243; global_colors_info=&#8220;{}&#8220; sticky_enabled=&#8220;0&#8243;][et_pb_row _builder_version=&#8220;4.23.1&#8243; _module_preset=&#8220;default&#8220; global_colors_info=&#8220;{}&#8220;][et_pb_column type=&#8220;4_4&#8243; _builder_version=&#8220;4.22.2&#8243; _module_preset=&#8220;default&#8220; global_colors_info=&#8220;{}&#8220;][et_pb_text _builder_version=&#8220;4.23.1&#8243; _module_preset=&#8220;default&#8220; text_font=&#8220;|800||on|||||&#8220; text_font_size=&#8220;39px&#8220; global_colors_info=&#8220;{}&#8220;]<\/p>\n<h1 style=\"text-align: center;\">Don via Western Union<\/h1>\n<p>[\/et_pb_text][\/et_pb_column][\/et_pb_row][et_pb_row _builder_version=&#8220;4.23.1&#8243; _module_preset=&#8220;default&#8220; custom_margin=&#8220;||||false|false&#8220; custom_padding=&#8220;||150px||false|false&#8220; global_colors_info=&#8220;{}&#8220;][et_pb_column type=&#8220;4_4&#8243; _builder_version=&#8220;4.22.2&#8243; _module_preset=&#8220;default&#8220; global_colors_info=&#8220;{}&#8220;][et_pb_text _builder_version=&#8220;4.23.1&#8243; _module_preset=&#8220;default&#8220; text_font_size=&#8220;20px&#8220; global_colors_info=&#8220;{}&#8220;]<\/p>\n<p style=\"text-align: left;\"><strong>Contact<\/strong> : Bibi Musoso<\/p>\n<p style=\"text-align: left;\"><strong>R\u00e9f\u00e9rence du transfert \u00e0 envoyer par Mail<\/strong> : info@ongtalithakoum.org<\/p>\n<p>[\/et_pb_text][\/et_pb_column][\/et_pb_row][\/et_pb_section][et_pb_section fb_built=&#8220;1&#8243; admin_label=&#8220;Testimonials&#8220; _builder_version=&#8220;4.23&#8243; _module_preset=&#8220;default&#8220; background_color=&#8220;#000151&#8243; background_enable_image=&#8220;off&#8220; background_size=&#8220;stretch&#8220; min_height=&#8220;212px&#8220; height=&#8220;136px&#8220; custom_padding=&#8220;6vw||6vw||true|false&#8220; collapsed=&#8220;on&#8220; global_colors_info=&#8220;{}&#8220;][et_pb_row column_structure=&#8220;1_3,1_3,1_3&#8243; _builder_version=&#8220;4.23&#8243; _module_preset=&#8220;default&#8220; width=&#8220;87%&#8220; max_width=&#8220;1544px&#8220; min_height=&#8220;174.2px&#8220; custom_padding=&#8220;||0px||false|false&#8220; global_colors_info=&#8220;{}&#8220;][et_pb_column type=&#8220;1_3&#8243; _builder_version=&#8220;4.22.2&#8243; _module_preset=&#8220;default&#8220; global_colors_info=&#8220;{}&#8220;][et_pb_text _builder_version=&#8220;4.23&#8243; _module_preset=&#8220;default&#8220; global_colors_info=&#8220;{}&#8220;]<\/p>\n<p style=\"text-align: center;\"><span style=\"color: #ffffff;\">Addresse<\/span><br \/><span style=\"color: #ffffff;\">Heiligenst\u00e4dterstrasse 131-135<\/span><br \/><span style=\"color: #ffffff;\">1190 Wien\/Austria<\/span><\/p>\n<p>[\/et_pb_text][\/et_pb_column][et_pb_column type=&#8220;1_3&#8243; _builder_version=&#8220;4.22.2&#8243; _module_preset=&#8220;default&#8220; global_colors_info=&#8220;{}&#8220;][et_pb_text _builder_version=&#8220;4.23&#8243; _module_preset=&#8220;default&#8220; global_colors_info=&#8220;{}&#8220;]<\/p>\n<p style=\"text-align: center;\"><span style=\"color: #ffffff;\">Email:<\/span><\/p>\n<p style=\"text-align: center;\"><span style=\"color: #ffffff;\"><a href=\"mailto:info@ongtalithakoum.org\" style=\"color: #ffffff;\">info@ongtalithakoum.org<\/a><\/span><\/p>\n<p>[\/et_pb_text][et_pb_button button_url=&#8220;https:\/\/instagram.com\/vereintalithakoum?igshid=OGQ5ZDc2ODk2ZA==&#8220; url_new_window=&#8220;on&#8220; button_text=&#8220;.&#8220; button_alignment=&#8220;center&#8220; _builder_version=&#8220;4.23&#8243; _module_preset=&#8220;default&#8220; custom_button=&#8220;on&#8220; button_bg_image=&#8220;https:\/\/ongtalithakoum.org\/wp-content\/uploads\/2023\/11\/logo-insta.jpg&#8220; global_colors_info=&#8220;{}&#8220;][\/et_pb_button][\/et_pb_column][et_pb_column type=&#8220;1_3&#8243; _builder_version=&#8220;4.22.2&#8243; _module_preset=&#8220;default&#8220; global_colors_info=&#8220;{}&#8220;][et_pb_text _builder_version=&#8220;4.23&#8243; _module_preset=&#8220;default&#8220; global_colors_info=&#8220;{}&#8220;]<\/p>\n<p style=\"text-align: center;\"><span style=\"color: #ffffff;\">CONTACT<\/span><br \/><span style=\"color: #ffffff;\">\u00a0<\/span><br \/><span style=\"color: #ffffff;\">T\u00e9l\u00e9phone : + 43 68864986000<\/span><\/p>\n<p>[\/et_pb_text][et_pb_button button_url=&#8220;https:\/\/www.facebook.com\/profile.php?id=100070469611576&#038;mibextid=LQQJ4d&#8220; url_new_window=&#8220;on&#8220; button_text=&#8220;f&#8220; button_alignment=&#8220;center&#8220; _builder_version=&#8220;4.23&#8243; _module_preset=&#8220;default&#8220; custom_button=&#8220;on&#8220; button_text_color=&#8220;#FFFFFF&#8220; button_bg_image=&#8220;https:\/\/ongtalithakoum.org\/wp-content\/uploads\/2023\/11\/LOGO.png&#8220; button_border_width=&#8220;0px&#8220; button_border_radius=&#8220;100px&#8220; global_colors_info=&#8220;{}&#8220;][\/et_pb_button][\/et_pb_column][\/et_pb_row][\/et_pb_section]<\/p>\n","protected":false},"excerpt":{"rendered":"<p>Don via Western UnionContact : Bibi Musoso R\u00e9f\u00e9rence du transfert \u00e0 envoyer par Mail : info@ongtalithakoum.orgAddresseHeiligenst\u00e4dterstrasse 131-1351190 Wien\/AustriaEmail: info@ongtalithakoum.orgCONTACT\u00a0T\u00e9l\u00e9phone : + 43 68864986000<\/p>\n","protected":false},"author":1,"featured_media":0,"parent":224,"menu_order":0,"comment_status":"closed","ping_status":"closed","template":"","meta":{"_et_pb_use_builder":"on","_et_pb_old_content":"","_et_gb_content_width":"","footnotes":""},"_links":{"self":[{"href":"https:\/\/ongtalithakoum.org\/index.php?rest_route=\/wp\/v2\/pages\/791"}],"collection":[{"href":"https:\/\/ongtalithakoum.org\/index.php?rest_route=\/wp\/v2\/pages"}],"about":[{"href":"https:\/\/ongtalithakoum.org\/index.php?rest_route=\/wp\/v2\/types\/page"}],"author":[{"embeddable":true,"href":"https:\/\/ongtalithakoum.org\/index.php?rest_route=\/wp\/v2\/users\/1"}],"replies":[{"embeddable":true,"href":"https:\/\/ongtalithakoum.org\/index.php?rest_route=%2Fwp%2Fv2%2Fcomments&post=791"}],"version-history":[{"count":5,"href":"https:\/\/ongtalithakoum.org\/index.php?rest_route=\/wp\/v2\/pages\/791\/revisions"}],"predecessor-version":[{"id":890,"href":"https:\/\/ongtalithakoum.org\/index.php?rest_route=\/wp\/v2\/pages\/791\/revisions\/890"}],"up":[{"embeddable":true,"href":"https:\/\/ongtalithakoum.org\/index.php?rest_route=\/wp\/v2\/pages\/224"}],"wp:attachment":[{"href":"https:\/\/ongtalithakoum.org\/index.php?rest_route=%2Fwp%2Fv2%2Fmedia&parent=791"}],"curies":[{"name":"wp","href":"https:\/\/api.w.org\/{rel}","templated":true}]}}