{"id":92,"date":"2023-10-30T02:49:03","date_gmt":"2023-10-30T01:49:03","guid":{"rendered":"https:\/\/ongtalithakoum.org\/?page_id=92"},"modified":"2026-03-01T02:49:41","modified_gmt":"2026-03-01T01:49:41","slug":"nos-projets","status":"publish","type":"page","link":"https:\/\/ongtalithakoum.org\/?page_id=92","title":{"rendered":"Nos projets"},"content":{"rendered":"<p>[et_pb_section fb_built=&#8220;1&#8243; admin_label=&#8220;Header&#8220; _builder_version=&#8220;4.23.1&#8243; _module_preset=&#8220;default&#8220; background_color=&#8220;#FFFFFF&#8220; custom_padding=&#8220;180px||180px||false|false&#8220; collapsed=&#8220;on&#8220; global_colors_info=&#8220;{}&#8220;][et_pb_row _builder_version=&#8220;4.23&#8243; _module_preset=&#8220;default&#8220; global_colors_info=&#8220;{}&#8220;][et_pb_column type=&#8220;4_4&#8243; _builder_version=&#8220;4.23&#8243; _module_preset=&#8220;default&#8220; global_colors_info=&#8220;{}&#8220;][et_pb_image src=&#8220;https:\/\/ongtalithakoum.org\/wp-content\/uploads\/2023\/11\/Banderole-photo.jpg&#8220; title_text=&#8220;Banderole +photo&#8220; _builder_version=&#8220;4.23&#8243; _module_preset=&#8220;default&#8220; global_colors_info=&#8220;{}&#8220;][\/et_pb_image][\/et_pb_column][\/et_pb_row][\/et_pb_section][et_pb_section fb_built=&#8220;1&#8243; admin_label=&#8220;Header&#8220; _builder_version=&#8220;4.23.1&#8243; _module_preset=&#8220;default&#8220; background_color=&#8220;#4449E0&#8243; custom_padding=&#8220;80px||180px||false|false&#8220; collapsed=&#8220;on&#8220; global_colors_info=&#8220;{}&#8220;][et_pb_row _builder_version=&#8220;4.19.2&#8243; _module_preset=&#8220;default&#8220; max_width=&#8220;700px&#8220; global_colors_info=&#8220;{}&#8220;][et_pb_column type=&#8220;4_4&#8243; _builder_version=&#8220;4.19.2&#8243; _module_preset=&#8220;default&#8220; global_colors_info=&#8220;{}&#8220;][et_pb_text _builder_version=&#8220;4.23&#8243; _module_preset=&#8220;3d987488-88eb-437c-b9e4-d95c0ceaa5d2&#8243; text_font_size=&#8220;24px&#8220; text_line_height=&#8220;1em&#8220; header_text_color=&#8220;#FFFFFF&#8220; header_font_size=&#8220;45px&#8220; text_orientation=&#8220;center&#8220; global_colors_info=&#8220;{}&#8220;]<\/p>\n<h1>LES PROJETS DE TALITHA KOUM<\/h1>\n<p>&nbsp;<\/p>\n<p>[\/et_pb_text][et_pb_text _builder_version=&#8220;4.23&#8243; _module_preset=&#8220;41e26840-5c86-4830-809a-bcab9ae9c4ff&#8220; text_text_color=&#8220;rgba(255,255,255,0.7)&#8220; text_font_size=&#8220;22px&#8220; text_orientation=&#8220;center&#8220; global_colors_info=&#8220;{}&#8220;]<\/p>\n<p><span style=\"color: #ffffff;\">Consid\u00e9rant l&#8217;urgence qu&#8217;il ya de voler au secours de plus d\u00e9munies en d\u00e9tresse, en occurrence en RD du Congo, Talitha koum veut porter sa pierre \u00e1 l&#8217;\u00e9difice en construisant des \u00e9coles professionnelles d&#8217;apprentissage, et de centre de formations pour tous, bien s\u00fbr gratuit.<\/span><\/p>\n<p><span style=\"color: #ffffff;\">\u00a0Nous pensons : au centre de formation coupe et couture, informatique, boulangerie, cordonnerie, menuiserie, p\u00e2tisserie, ma\u00e7onnerie, Salon de coiffure. \u00e9cole de conduite, \u00e9levage, agriculture, ainsi de suite.<\/span><\/p>\n<p>[\/et_pb_text][\/et_pb_column][\/et_pb_row][\/et_pb_section][et_pb_section fb_built=&#8220;1&#8243; admin_label=&#8220;Courses&#8220; _builder_version=&#8220;4.23.1&#8243; _module_preset=&#8220;default&#8220; background_color=&#8220;#F8FAFB&#8220; use_background_color_gradient=&#8220;on&#8220; background_color_gradient_stops=&#8220;#4449e0 20%|#f8fafb 20%&#8220; custom_padding=&#8220;||180px||false|false&#8220; locked=&#8220;off&#8220; collapsed=&#8220;on&#8220; global_colors_info=&#8220;{}&#8220;][et_pb_row column_structure=&#8220;1_2,1_2&#8243; custom_padding_last_edited=&#8220;on|tablet&#8220; _builder_version=&#8220;4.19.2&#8243; _module_preset=&#8220;default&#8220; custom_padding_tablet=&#8220;||0px||false|false&#8220; custom_padding_phone=&#8220;||0px||false|false&#8220; global_colors_info=&#8220;{}&#8220;][et_pb_column type=&#8220;1_2&#8243; _builder_version=&#8220;4.19.2&#8243; _module_preset=&#8220;default&#8220; background_color=&#8220;#FFFFFF&#8220; custom_padding=&#8220;20px|20px|20px|20px|true|true&#8220; border_radii=&#8220;on|15px|15px|15px|15px&#8220; global_colors_info=&#8220;{}&#8220;][et_pb_text _builder_version=&#8220;4.23.1&#8243; _module_preset=&#8220;18663a23-47f9-47aa-b197-449644fb1ec9&#8243; custom_margin=&#8220;||0px||false|false&#8220; custom_padding=&#8220;50px||30px||false|false&#8220; global_colors_info=&#8220;{}&#8220;]<\/p>\n<h3><span style=\"text-decoration: underline;\"><em>PROJETS A COURT TERME<\/em><\/span><\/h3>\n<p>&nbsp;<\/p>\n<p>[\/et_pb_text][et_pb_text _builder_version=&#8220;4.23&#8243; _module_preset=&#8220;0bd67c02-502b-4a83-a117-7b56f79f970b&#8220; text_font_size=&#8220;19px&#8220; custom_margin=&#8220;-14px||||false|false&#8220; custom_padding=&#8220;0px||||false|false&#8220; global_colors_info=&#8220;{}&#8220;]<\/p>\n<ul>\n<li style=\"text-align: justify;\">Formation et emplois pour les personnes vuln\u00e9rables<\/li>\n<li style=\"text-align: justify;\">Ouverture d\u00b4un centre d\u00b4apprentissage en coupe et couture.<\/li>\n<li style=\"text-align: justify;\">La cr\u00e9ation d\u00b4un groupe th\u00e9\u00e2trale, pour r\u00e9veiller les talents et permettre aux personnes vuln\u00e9rables de faire entendre leurs voix. En\u00a0 particulier\u00a0 les personnes vivant avec handicap.<\/li>\n<\/ul>\n<p>[\/et_pb_text][et_pb_text _builder_version=&#8220;4.23&#8243; _module_preset=&#8220;0bd67c02-502b-4a83-a117-7b56f79f970b&#8220; text_font_size=&#8220;19px&#8220; custom_padding=&#8220;54px||||false|false&#8220; global_colors_info=&#8220;{}&#8220;]<\/p>\n<p style=\"text-align: justify;\">Car selon la f\u00e9d\u00e9ration de personne vivant avec handicap, 13 millions de congolais vivent avec handicap, et 93% sont analphab\u00e8tes. Talitha koum veut\u00a0\u00a0 leur donner de la valeur et de la consid\u00e9ration, comme dans la plupart de pays d\u00e9velopp\u00e9, les motiver \u00e0 oublier leur handicap\u00a0 et\u00a0 faire valoir leur capacit\u00e9, et de ne plus vivre du vol et de la mendicit\u00e9. Pour ce, Talitha koum a besoin de votre soutien, pour rendre r\u00e9el les r\u00eaves de nos enfants.<\/p>\n<p>[\/et_pb_text][et_pb_text _builder_version=&#8220;4.23&#8243; _module_preset=&#8220;e3ebfc5b-cf06-4d3d-8f5b-d255843559eb&#8220; custom_padding=&#8220;143px||||false|false&#8220; global_colors_info=&#8220;{}&#8220;][\/et_pb_text][\/et_pb_column][et_pb_column type=&#8220;1_2&#8243; _builder_version=&#8220;4.19.2&#8243; _module_preset=&#8220;default&#8220; background_color=&#8220;#FFFFFF&#8220; custom_padding=&#8220;20px|20px|20px|20px|true|true&#8220; border_radii=&#8220;on|15px|15px|15px|15px&#8220; global_colors_info=&#8220;{}&#8220;][et_pb_text _builder_version=&#8220;4.23.1&#8243; _module_preset=&#8220;18663a23-47f9-47aa-b197-449644fb1ec9&#8243; custom_margin=&#8220;||0px||false|false&#8220; custom_padding=&#8220;50px||50px||false|false&#8220; global_colors_info=&#8220;{}&#8220;]<\/p>\n<h3><span style=\"text-decoration: underline;\"><em>PROJETS A LONG TERME<\/em><\/span><\/h3>\n<p>[\/et_pb_text][et_pb_text _builder_version=&#8220;4.23&#8243; _module_preset=&#8220;0bd67c02-502b-4a83-a117-7b56f79f970b&#8220; text_font_size=&#8220;19px&#8220; global_colors_info=&#8220;{}&#8220;]<\/p>\n<ul>\n<li style=\"text-align: justify;\">Ouverture de lieu d&#8217;accueil, d&#8217;\u00e9change, d&#8217;apprentissage, soutien scolaire, cr\u00e8ches, garderie, biblioth\u00e8que de pr\u00eats, soutien psychologique et moral pour les personnes vivant avec handicap.<\/li>\n<\/ul>\n<p>[\/et_pb_text][et_pb_text _builder_version=&#8220;4.23&#8243; _module_preset=&#8220;0bd67c02-502b-4a83-a117-7b56f79f970b&#8220; text_font_size=&#8220;18px&#8220; global_colors_info=&#8220;{}&#8220;]<\/p>\n<p style=\"text-align: justify;\">Talitha koum veut porter sa pierre \u00e1 l&#8217;\u00e9difice en construisant des \u00e9coles professionnelles d&#8217;apprentissage, et de centre de formations \u00e0 Lubumbashi et \u00e0 Kinshasa, d&#8217;abord pour les personnes vivant avec handicap, les orphelins et jeunes filles m\u00e8res, avec eux cr\u00e9er des emplois qui leurs permettront d\u00b4\u00eatre autonomes et ind\u00e9pendants.<\/p>\n<p style=\"text-align: justify;\">Talitha koum pense concr\u00e8tement\u00a0: construire et \u00e9quip\u00e9 des centres de formation, c\u2019est \u00e0 dire, obtenir des mat\u00e9riaux indispensables pour chaque type de formation, am\u00e9nager les locaux , adapt\u00e9 sans barriere,et avoir un fond de d\u00e9part, pour pouvoir payer les formateurs dans les 6 premiers mois.<\/p>\n<p style=\"text-align: justify;\">Talitha koum pense a\u00a0: Ateliers de formations : coupe et couture, menuiserie, ma\u00e7onnerie, cordonnerie, P\u00e2tisserie, agriculture, aide \u00e0 domicile service int\u00e9rimaire, coursier, Esth\u00e9tique, informatique, massage, boulangerie, pisciculture, jardinage, \u00e9cole maternelle, \u00e9levage, boucherie, manucure ,p\u00e9dicure, salon de coiffure.<\/p>\n<p>[\/et_pb_text][\/et_pb_column][\/et_pb_row][et_pb_row custom_padding_last_edited=&#8220;on|tablet&#8220; _builder_version=&#8220;4.19.2&#8243; _module_preset=&#8220;default&#8220; custom_padding_tablet=&#8220;||0px||false|false&#8220; custom_padding_phone=&#8220;||0px||false|false&#8220; global_colors_info=&#8220;{}&#8220;][et_pb_column type=&#8220;4_4&#8243; _builder_version=&#8220;4.19.2&#8243; _module_preset=&#8220;default&#8220; background_color=&#8220;#FFFFFF&#8220; custom_padding=&#8220;20px|20px|20px|20px|true|true&#8220; border_radii=&#8220;on|15px|15px|15px|15px&#8220; global_colors_info=&#8220;{}&#8220;][et_pb_text _builder_version=&#8220;4.23.1&#8243; _module_preset=&#8220;18663a23-47f9-47aa-b197-449644fb1ec9&#8243; custom_margin=&#8220;||0px||false|false&#8220; custom_padding=&#8220;50px||30px||false|false&#8220; global_colors_info=&#8220;{}&#8220;]<\/p>\n<h3 style=\"text-align: center;\"><span style=\"text-decoration: underline;\"><em>BUT DE TALITHA KOUM<\/em><\/span><\/h3>\n<p style=\"text-align: center;\">[\/et_pb_text][et_pb_text _builder_version=&#8220;4.23&#8243; _module_preset=&#8220;0bd67c02-502b-4a83-a117-7b56f79f970b&#8220; text_font_size=&#8220;19px&#8220; global_colors_info=&#8220;{}&#8220;]<\/p>\n<p style=\"text-align: justify;\"><strong><em>Talitha koum <\/em><\/strong>souhaite mettre l\u2019accent sur la n\u00e9cessit\u00e9 de donner aux personnes vuln\u00e9rables\u00a0: enfants de la rue, orphelins, jeunes filles m\u00e8res et personnes vivant avec handicap,\u00a0 un acc\u00e8s \u00e0 l\u2019\u00e9ducation et \u00e0 la formation professionnelle. Leur\u00a0 offrant ainsi la chance de se construire un avenir libre, digne et fort. Ce bagage moral, \u00e9ducatif leur permettra de r\u00e9aliser une int\u00e9gration socioprofessionnelle r\u00e9ussie.<\/p>\n<p>[\/et_pb_text][et_pb_text _builder_version=&#8220;4.23&#8243; _module_preset=&#8220;0bd67c02-502b-4a83-a117-7b56f79f970b&#8220; text_font_size=&#8220;19px&#8220; global_colors_info=&#8220;{}&#8220;]<\/p>\n<p style=\"text-align: justify;\"><strong><em>Talitha koum<\/em><\/strong> va \u0153uvrer pour un Congo meilleur. Notre but est de r\u00e9duire, pour quoi pas bannir carr\u00e9ment la pauvret\u00e9, la mendicit\u00e9, la d\u00e9linquance, l&#8217;exclusion, par l&#8217;\u00e9ducation, formations professionnelles et l&#8217;entreprenariat. Notre plus grand challenge est l&#8217;inclusion et l&#8217;insertion de personne vivant avec handicap dans le monde du travail.<\/p>\n<p>[\/et_pb_text][\/et_pb_column][\/et_pb_row][\/et_pb_section][et_pb_section fb_built=&#8220;1&#8243; _builder_version=&#8220;4.23&#8243; _module_preset=&#8220;default&#8220; background_color=&#8220;#040051&#8243; global_colors_info=&#8220;{}&#8220;][et_pb_row column_structure=&#8220;1_3,1_3,1_3&#8243; _builder_version=&#8220;4.23&#8243; _module_preset=&#8220;default&#8220; width=&#8220;85%&#8220; max_width=&#8220;2035px&#8220; global_colors_info=&#8220;{}&#8220;][et_pb_column type=&#8220;1_3&#8243; _builder_version=&#8220;4.23&#8243; _module_preset=&#8220;default&#8220; global_colors_info=&#8220;{}&#8220;][et_pb_text _builder_version=&#8220;4.23&#8243; _module_preset=&#8220;default&#8220; global_colors_info=&#8220;{}&#8220;]<\/p>\n<p style=\"text-align: center;\"><span style=\"color: #ffffff;\">Addresse<\/span><br \/><span style=\"color: #ffffff;\">Heiligenst\u00e4dterstrasse 131-135<\/span><br \/><span style=\"color: #ffffff;\">1190 Wien\/Austria<\/span><\/p>\n<p>[\/et_pb_text][\/et_pb_column][et_pb_column type=&#8220;1_3&#8243; _builder_version=&#8220;4.23&#8243; _module_preset=&#8220;default&#8220; global_colors_info=&#8220;{}&#8220;][et_pb_text _builder_version=&#8220;4.23&#8243; _module_preset=&#8220;default&#8220; global_colors_info=&#8220;{}&#8220;]<\/p>\n<p style=\"text-align: center;\"><span style=\"color: #ffffff;\">Email:<\/span><\/p>\n<p style=\"text-align: center;\"><span style=\"color: #ffffff;\"><a href=\"mailto:info@ongtalithakoum.org\" style=\"color: #ffffff;\">info@ongtalithakoum.org<\/a><\/span><\/p>\n<p>[\/et_pb_text][et_pb_button button_url=&#8220;https:\/\/instagram.com\/vereintalithakoum?igshid=OGQ5ZDc2ODk2ZA==&#8220; button_text=&#8220;.&#8220; button_alignment=&#8220;center&#8220; _builder_version=&#8220;4.23&#8243; _module_preset=&#8220;default&#8220; custom_button=&#8220;on&#8220; button_text_color=&#8220;#FFFFFF&#8220; button_bg_image=&#8220;https:\/\/ongtalithakoum.org\/wp-content\/uploads\/2023\/11\/logo-insta.jpg&#8220; global_colors_info=&#8220;{}&#8220;][\/et_pb_button][\/et_pb_column][et_pb_column type=&#8220;1_3&#8243; _builder_version=&#8220;4.23&#8243; _module_preset=&#8220;default&#8220; global_colors_info=&#8220;{}&#8220;][et_pb_text _builder_version=&#8220;4.23&#8243; _module_preset=&#8220;default&#8220; global_colors_info=&#8220;{}&#8220;]<\/p>\n<p style=\"text-align: center;\"><span style=\"color: #ffffff;\">CONTACT<\/span><br \/><span style=\"color: #ffffff;\">\u00a0<\/span><br \/><span style=\"color: #ffffff;\">T\u00e9l\u00e9phone : + 43 68864986000<\/span><\/p>\n<p>[\/et_pb_text][et_pb_social_media_follow _builder_version=&#8220;4.23.1&#8243; _module_preset=&#8220;default&#8220; hover_enabled=&#8220;0&#8243; sticky_enabled=&#8220;0&#8243;][et_pb_social_media_follow_network social_network=&#8220;facebook&#8220; background_color=&#8220;#3b5998&#8243; _builder_version=&#8220;4.23.1&#8243; _module_preset=&#8220;default&#8220; follow_button=&#8220;off&#8220; url_new_window=&#8220;on&#8220; url=&#8220;https:\/\/www.facebook.com\/profile.php?id=100070469611576&#038;locale=de_DE&#8220; hover_enabled=&#8220;0&#8243; sticky_enabled=&#8220;0&#8243;]facebook[\/et_pb_social_media_follow_network][et_pb_social_media_follow_network social_network=&#8220;twitter&#8220; background_color=&#8220;#000000&#8243; _builder_version=&#8220;4.23.1&#8243; _module_preset=&#8220;default&#8220; follow_button=&#8220;off&#8220; url_new_window=&#8220;on&#8220;]X[\/et_pb_social_media_follow_network][\/et_pb_social_media_follow][\/et_pb_column][\/et_pb_row][\/et_pb_section]<\/p>\n","protected":false},"excerpt":{"rendered":"<p>LES PROJETS DE TALITHA KOUM &nbsp;Consid\u00e9rant l&#8217;urgence qu&#8217;il ya de voler au secours de plus d\u00e9munies en d\u00e9tresse, en occurrence en RD du Congo, Talitha koum veut porter sa pierre \u00e1 l&#8217;\u00e9difice en construisant des \u00e9coles professionnelles d&#8217;apprentissage, et de centre de formations pour tous, bien s\u00fbr gratuit. \u00a0Nous pensons : au centre de formation [&hellip;]<\/p>\n","protected":false},"author":1,"featured_media":0,"parent":0,"menu_order":0,"comment_status":"closed","ping_status":"closed","template":"","meta":{"_et_pb_use_builder":"on","_et_pb_old_content":"","_et_gb_content_width":"","footnotes":""},"_links":{"self":[{"href":"https:\/\/ongtalithakoum.org\/index.php?rest_route=\/wp\/v2\/pages\/92"}],"collection":[{"href":"https:\/\/ongtalithakoum.org\/index.php?rest_route=\/wp\/v2\/pages"}],"about":[{"href":"https:\/\/ongtalithakoum.org\/index.php?rest_route=\/wp\/v2\/types\/page"}],"author":[{"embeddable":true,"href":"https:\/\/ongtalithakoum.org\/index.php?rest_route=\/wp\/v2\/users\/1"}],"replies":[{"embeddable":true,"href":"https:\/\/ongtalithakoum.org\/index.php?rest_route=%2Fwp%2Fv2%2Fcomments&post=92"}],"version-history":[{"count":13,"href":"https:\/\/ongtalithakoum.org\/index.php?rest_route=\/wp\/v2\/pages\/92\/revisions"}],"predecessor-version":[{"id":1410,"href":"https:\/\/ongtalithakoum.org\/index.php?rest_route=\/wp\/v2\/pages\/92\/revisions\/1410"}],"wp:attachment":[{"href":"https:\/\/ongtalithakoum.org\/index.php?rest_route=%2Fwp%2Fv2%2Fmedia&parent=92"}],"curies":[{"name":"wp","href":"https:\/\/api.w.org\/{rel}","templated":true}]}}